{"id":138,"date":"2023-06-26T18:03:42","date_gmt":"2023-06-26T16:03:42","guid":{"rendered":"https:\/\/oqui.fr\/?page_id=138"},"modified":"2025-05-07T16:06:39","modified_gmt":"2025-05-07T14:06:39","slug":"ou-nous-trouver","status":"publish","type":"page","link":"https:\/\/oqui.fr\/index.php\/ou-nous-trouver\/","title":{"rendered":"O\u00f9 nous trouver ?"},"content":{"rendered":"<p>[et_pb_section fb_built=\u00a0\u00bb1&Prime; _builder_version=\u00a0\u00bb4.21.0&Prime; _module_preset=\u00a0\u00bbdefault\u00a0\u00bb da_disable_devices=\u00a0\u00bboff|off|off\u00a0\u00bb global_colors_info=\u00a0\u00bb{}\u00a0\u00bb da_is_popup=\u00a0\u00bboff\u00a0\u00bb da_exit_intent=\u00a0\u00bboff\u00a0\u00bb da_has_close=\u00a0\u00bbon\u00a0\u00bb da_alt_close=\u00a0\u00bboff\u00a0\u00bb da_dark_close=\u00a0\u00bboff\u00a0\u00bb da_not_modal=\u00a0\u00bbon\u00a0\u00bb da_is_singular=\u00a0\u00bboff\u00a0\u00bb da_with_loader=\u00a0\u00bboff\u00a0\u00bb da_has_shadow=\u00a0\u00bbon\u00a0\u00bb][et_pb_row _builder_version=\u00a0\u00bb4.21.0&Prime; _module_preset=\u00a0\u00bbdefault\u00a0\u00bb global_colors_info=\u00a0\u00bb{}\u00a0\u00bb][et_pb_column type=\u00a0\u00bb4_4&Prime; _builder_version=\u00a0\u00bb4.21.0&Prime; _module_preset=\u00a0\u00bbdefault\u00a0\u00bb global_colors_info=\u00a0\u00bb{}\u00a0\u00bb][et_pb_text _builder_version=\u00a0\u00bb4.21.0&Prime; _module_preset=\u00a0\u00bbdefault\u00a0\u00bb global_colors_info=\u00a0\u00bb{}\u00a0\u00bb]<\/p>\n<p>Retrouvez nos produits<\/p>\n<p>[\/et_pb_text][\/et_pb_column][\/et_pb_row][et_pb_row _builder_version=\u00a0\u00bb4.21.0&Prime; _module_preset=\u00a0\u00bbdefault\u00a0\u00bb global_colors_info=\u00a0\u00bb{}\u00a0\u00bb][et_pb_column type=\u00a0\u00bb4_4&Prime; _builder_version=\u00a0\u00bb4.21.0&Prime; _module_preset=\u00a0\u00bbdefault\u00a0\u00bb global_colors_info=\u00a0\u00bb{}\u00a0\u00bb][et_pb_text _builder_version=\u00a0\u00bb4.21.0&Prime; _module_preset=\u00a0\u00bbdefault\u00a0\u00bb hover_enabled=\u00a0\u00bb0&Prime; global_colors_info=\u00a0\u00bb{}\u00a0\u00bb sticky_enabled=\u00a0\u00bb0&Prime;]<style>\r\n\t#wpsl-stores .wpsl-store-thumb {height:45px !important; width:45px !important;}\r\n\t#wpsl-stores, #wpsl-direction-details, #wpsl-gmap {height:350px !important;}\r\n\t#wpsl-gmap .wpsl-info-window {max-width:225px !important;}\r\n\t.wpsl-input label, #wpsl-radius label, #wpsl-category label {width:95px;}\r\n\t#wpsl-search-input  {width:179px;}\r\n<\/style>\r\n<div id=\"wpsl-wrap\">\r\n\t<div class=\"wpsl-search wpsl-clearfix \">\r\n\t\t<div id=\"wpsl-search-wrap\">\r\n\t\t\t<form autocomplete=\"off\">\r\n\t\t\t<div class=\"wpsl-input\">\r\n\t\t\t\t<div><label for=\"wpsl-search-input\">Your location<\/label><\/div>\r\n\t\t\t\t<input id=\"wpsl-search-input\" type=\"text\" value=\"\" name=\"wpsl-search-input\" placeholder=\"\" aria-required=\"true\" \/>\r\n\t\t\t<\/div>\r\n\t\t\t<div class=\"wpsl-select-wrap\">\r\n\t\t\t\t<div id=\"wpsl-radius\">\r\n\t\t\t\t\t<label for=\"wpsl-radius-dropdown\">Search radius<\/label>\r\n\t\t\t\t\t<select id=\"wpsl-radius-dropdown\" class=\"wpsl-dropdown\" name=\"wpsl-radius\">\r\n\t\t\t\t\t\t<option value=\"10\">10 km<\/option><option value=\"25\">25 km<\/option><option value=\"50\">50 km<\/option><option value=\"100\">100 km<\/option><option value=\"200\">200 km<\/option><option selected=\"selected\" value=\"500\">500 km<\/option>\r\n\t\t\t\t\t<\/select>\r\n\t\t\t\t<\/div>\r\n\t\t\t\t<div id=\"wpsl-results\">\r\n\t\t\t\t\t<label for=\"wpsl-results-dropdown\">Results<\/label>\r\n\t\t\t\t\t<select id=\"wpsl-results-dropdown\" class=\"wpsl-dropdown\" name=\"wpsl-results\">\r\n\t\t\t\t\t\t<option value=\"25\">25<\/option><option value=\"50\">50<\/option><option value=\"75\">75<\/option><option selected=\"selected\" value=\"100\">100<\/option>\r\n\t\t\t\t\t<\/select>\r\n\t\t\t\t<\/div>\r\n\t\t\t<\/div>\r\n\t\t\t\t<div class=\"wpsl-search-btn-wrap\"><input id=\"wpsl-search-btn\" type=\"submit\" value=\"Search\"><\/div>\r\n\t\t<\/form>\r\n\t\t<\/div>\r\n\t<\/div>\r\n\t<div id=\"wpsl-gmap\" class=\"wpsl-gmap-canvas\"><\/div>\r\n\t<div id=\"wpsl-result-list\">\r\n\t\t<div id=\"wpsl-stores\" >\r\n\t\t\t<ul><\/ul>\r\n\t\t<\/div>\r\n\t\t<div id=\"wpsl-direction-details\">\r\n\t\t\t<ul><\/ul>\r\n\t\t<\/div>\r\n\t<\/div>\r\n<\/div>\r\n[\/et_pb_text][\/et_pb_column][\/et_pb_row][\/et_pb_section]<\/p>\n","protected":false},"excerpt":{"rendered":"<p>Retrouvez nos produits<style>\r\n\t#wpsl-stores .wpsl-store-thumb {height:45px !important; width:45px !important;}\r\n\t#wpsl-stores, #wpsl-direction-details, #wpsl-gmap {height:350px !important;}\r\n\t#wpsl-gmap .wpsl-info-window {max-width:225px !important;}\r\n\t.wpsl-input label, #wpsl-radius label, #wpsl-category label {width:95px;}\r\n\t#wpsl-search-input  {width:179px;}\r\n<\/style>\r\n<div id=\"wpsl-wrap\">\r\n\t<div class=\"wpsl-search wpsl-clearfix \">\r\n\t\t<div id=\"wpsl-search-wrap\">\r\n\t\t\t<form autocomplete=\"off\">\r\n\t\t\t<div class=\"wpsl-input\">\r\n\t\t\t\t<div><label for=\"wpsl-search-input\">Your location<\/label><\/div>\r\n\t\t\t\t<input id=\"wpsl-search-input\" type=\"text\" value=\"\" name=\"wpsl-search-input\" placeholder=\"\" aria-required=\"true\" \/>\r\n\t\t\t<\/div>\r\n\t\t\t<div class=\"wpsl-select-wrap\">\r\n\t\t\t\t<div id=\"wpsl-radius\">\r\n\t\t\t\t\t<label for=\"wpsl-radius-dropdown\">Search radius<\/label>\r\n\t\t\t\t\t<select id=\"wpsl-radius-dropdown\" class=\"wpsl-dropdown\" name=\"wpsl-radius\">\r\n\t\t\t\t\t\t<option value=\"10\">10 km<\/option><option value=\"25\">25 km<\/option><option value=\"50\">50 km<\/option><option value=\"100\">100 km<\/option><option value=\"200\">200 km<\/option><option selected=\"selected\" value=\"500\">500 km<\/option>\r\n\t\t\t\t\t<\/select>\r\n\t\t\t\t<\/div>\r\n\t\t\t\t<div id=\"wpsl-results\">\r\n\t\t\t\t\t<label for=\"wpsl-results-dropdown\">Results<\/label>\r\n\t\t\t\t\t<select id=\"wpsl-results-dropdown\" class=\"wpsl-dropdown\" name=\"wpsl-results\">\r\n\t\t\t\t\t\t<option value=\"25\">25<\/option><option value=\"50\">50<\/option><option value=\"75\">75<\/option><option selected=\"selected\" value=\"100\">100<\/option>\r\n\t\t\t\t\t<\/select>\r\n\t\t\t\t<\/div>\r\n\t\t\t<\/div>\r\n\t\t\t\t<div class=\"wpsl-search-btn-wrap\"><input id=\"wpsl-search-btn\" type=\"submit\" value=\"Search\"><\/div>\r\n\t\t<\/form>\r\n\t\t<\/div>\r\n\t<\/div>\r\n\t<div id=\"wpsl-gmap\" class=\"wpsl-gmap-canvas\"><\/div>\r\n\t<div id=\"wpsl-result-list\">\r\n\t\t<div id=\"wpsl-stores\" >\r\n\t\t\t<ul><\/ul>\r\n\t\t<\/div>\r\n\t\t<div id=\"wpsl-direction-details\">\r\n\t\t\t<ul><\/ul>\r\n\t\t<\/div>\r\n\t<\/div>\r\n<\/div>\r\n<\/p>\n","protected":false},"author":1,"featured_media":0,"parent":0,"menu_order":0,"comment_status":"closed","ping_status":"closed","template":"","meta":{"_et_pb_use_builder":"on","_et_pb_old_content":"<!-- wp:divi\/placeholder \/-->","_et_gb_content_width":"","footnotes":""},"class_list":["post-138","page","type-page","status-publish","hentry"],"yoast_head":"<!-- This site is optimized with the Yoast SEO plugin v27.4 - https:\/\/yoast.com\/product\/yoast-seo-wordpress\/ -->\n<title>O\u00f9 nous trouver ? - Oqui biscuits bio<\/title>\n<meta name=\"description\" content=\"Vous retrouverez ici les adresses des diff\u00e9rentes boutiques proches de chez vous qui proposent nos produits \u00e0 la vente.\" \/>\n<meta name=\"robots\" content=\"index, follow, max-snippet:-1, max-image-preview:large, max-video-preview:-1\" \/>\n<link rel=\"canonical\" href=\"https:\/\/oqui.fr\/index.php\/ou-nous-trouver\/\" \/>\n<meta property=\"og:locale\" content=\"fr_FR\" \/>\n<meta property=\"og:type\" content=\"article\" \/>\n<meta property=\"og:title\" content=\"O\u00f9 nous trouver ? - Oqui biscuits bio\" \/>\n<meta property=\"og:description\" content=\"Vous retrouverez ici les adresses des diff\u00e9rentes boutiques proches de chez vous qui proposent nos produits \u00e0 la vente.\" \/>\n<meta property=\"og:url\" content=\"https:\/\/oqui.fr\/index.php\/ou-nous-trouver\/\" \/>\n<meta property=\"og:site_name\" content=\"Oqui biscuits bio\" \/>\n<meta property=\"article:modified_time\" content=\"2025-05-07T14:06:39+00:00\" \/>\n<meta name=\"twitter:card\" content=\"summary_large_image\" \/>\n<meta name=\"twitter:label1\" content=\"Dur\u00e9e de lecture estim\u00e9e\" \/>\n\t<meta name=\"twitter:data1\" content=\"1 minute\" \/>\n<script type=\"application\/ld+json\" class=\"yoast-schema-graph\">{\"@context\":\"https:\\\/\\\/schema.org\",\"@graph\":[{\"@type\":\"WebPage\",\"@id\":\"https:\\\/\\\/oqui.fr\\\/index.php\\\/ou-nous-trouver\\\/\",\"url\":\"https:\\\/\\\/oqui.fr\\\/index.php\\\/ou-nous-trouver\\\/\",\"name\":\"O\u00f9 nous trouver ? - Oqui biscuits bio\",\"isPartOf\":{\"@id\":\"https:\\\/\\\/oqui.fr\\\/#website\"},\"datePublished\":\"2023-06-26T16:03:42+00:00\",\"dateModified\":\"2025-05-07T14:06:39+00:00\",\"description\":\"Vous retrouverez ici les adresses des diff\u00e9rentes boutiques proches de chez vous qui proposent nos produits \u00e0 la vente.\",\"breadcrumb\":{\"@id\":\"https:\\\/\\\/oqui.fr\\\/index.php\\\/ou-nous-trouver\\\/#breadcrumb\"},\"inLanguage\":\"fr-FR\",\"potentialAction\":[{\"@type\":\"ReadAction\",\"target\":[\"https:\\\/\\\/oqui.fr\\\/index.php\\\/ou-nous-trouver\\\/\"]}]},{\"@type\":\"BreadcrumbList\",\"@id\":\"https:\\\/\\\/oqui.fr\\\/index.php\\\/ou-nous-trouver\\\/#breadcrumb\",\"itemListElement\":[{\"@type\":\"ListItem\",\"position\":1,\"name\":\"Accueil\",\"item\":\"https:\\\/\\\/oqui.fr\\\/\"},{\"@type\":\"ListItem\",\"position\":2,\"name\":\"O\u00f9 nous trouver ?\"}]},{\"@type\":\"WebSite\",\"@id\":\"https:\\\/\\\/oqui.fr\\\/#website\",\"url\":\"https:\\\/\\\/oqui.fr\\\/\",\"name\":\"Oqui biscuits bio\",\"description\":\"Le biscuit bio artisanal fabriqu\u00e9 \u00e0 c\u00f4t\u00e9 de Lyon\",\"publisher\":{\"@id\":\"https:\\\/\\\/oqui.fr\\\/#organization\"},\"potentialAction\":[{\"@type\":\"SearchAction\",\"target\":{\"@type\":\"EntryPoint\",\"urlTemplate\":\"https:\\\/\\\/oqui.fr\\\/?s={search_term_string}\"},\"query-input\":{\"@type\":\"PropertyValueSpecification\",\"valueRequired\":true,\"valueName\":\"search_term_string\"}}],\"inLanguage\":\"fr-FR\"},{\"@type\":\"Organization\",\"@id\":\"https:\\\/\\\/oqui.fr\\\/#organization\",\"name\":\"Oqui biscuits bio\",\"url\":\"https:\\\/\\\/oqui.fr\\\/\",\"logo\":{\"@type\":\"ImageObject\",\"inLanguage\":\"fr-FR\",\"@id\":\"https:\\\/\\\/oqui.fr\\\/#\\\/schema\\\/logo\\\/image\\\/\",\"url\":\"https:\\\/\\\/oqui.fr\\\/wp-content\\\/uploads\\\/2023\\\/05\\\/logo-oqui.png\",\"contentUrl\":\"https:\\\/\\\/oqui.fr\\\/wp-content\\\/uploads\\\/2023\\\/05\\\/logo-oqui.png\",\"width\":1155,\"height\":482,\"caption\":\"Oqui biscuits bio\"},\"image\":{\"@id\":\"https:\\\/\\\/oqui.fr\\\/#\\\/schema\\\/logo\\\/image\\\/\"}}]}<\/script>\n<!-- \/ Yoast SEO plugin. -->","yoast_head_json":{"title":"O\u00f9 nous trouver ? - Oqui biscuits bio","description":"Vous retrouverez ici les adresses des diff\u00e9rentes boutiques proches de chez vous qui proposent nos produits \u00e0 la vente.","robots":{"index":"index","follow":"follow","max-snippet":"max-snippet:-1","max-image-preview":"max-image-preview:large","max-video-preview":"max-video-preview:-1"},"canonical":"https:\/\/oqui.fr\/index.php\/ou-nous-trouver\/","og_locale":"fr_FR","og_type":"article","og_title":"O\u00f9 nous trouver ? - Oqui biscuits bio","og_description":"Vous retrouverez ici les adresses des diff\u00e9rentes boutiques proches de chez vous qui proposent nos produits \u00e0 la vente.","og_url":"https:\/\/oqui.fr\/index.php\/ou-nous-trouver\/","og_site_name":"Oqui biscuits bio","article_modified_time":"2025-05-07T14:06:39+00:00","twitter_card":"summary_large_image","twitter_misc":{"Dur\u00e9e de lecture estim\u00e9e":"1 minute"},"schema":{"@context":"https:\/\/schema.org","@graph":[{"@type":"WebPage","@id":"https:\/\/oqui.fr\/index.php\/ou-nous-trouver\/","url":"https:\/\/oqui.fr\/index.php\/ou-nous-trouver\/","name":"O\u00f9 nous trouver ? - Oqui biscuits bio","isPartOf":{"@id":"https:\/\/oqui.fr\/#website"},"datePublished":"2023-06-26T16:03:42+00:00","dateModified":"2025-05-07T14:06:39+00:00","description":"Vous retrouverez ici les adresses des diff\u00e9rentes boutiques proches de chez vous qui proposent nos produits \u00e0 la vente.","breadcrumb":{"@id":"https:\/\/oqui.fr\/index.php\/ou-nous-trouver\/#breadcrumb"},"inLanguage":"fr-FR","potentialAction":[{"@type":"ReadAction","target":["https:\/\/oqui.fr\/index.php\/ou-nous-trouver\/"]}]},{"@type":"BreadcrumbList","@id":"https:\/\/oqui.fr\/index.php\/ou-nous-trouver\/#breadcrumb","itemListElement":[{"@type":"ListItem","position":1,"name":"Accueil","item":"https:\/\/oqui.fr\/"},{"@type":"ListItem","position":2,"name":"O\u00f9 nous trouver ?"}]},{"@type":"WebSite","@id":"https:\/\/oqui.fr\/#website","url":"https:\/\/oqui.fr\/","name":"Oqui biscuits bio","description":"Le biscuit bio artisanal fabriqu\u00e9 \u00e0 c\u00f4t\u00e9 de Lyon","publisher":{"@id":"https:\/\/oqui.fr\/#organization"},"potentialAction":[{"@type":"SearchAction","target":{"@type":"EntryPoint","urlTemplate":"https:\/\/oqui.fr\/?s={search_term_string}"},"query-input":{"@type":"PropertyValueSpecification","valueRequired":true,"valueName":"search_term_string"}}],"inLanguage":"fr-FR"},{"@type":"Organization","@id":"https:\/\/oqui.fr\/#organization","name":"Oqui biscuits bio","url":"https:\/\/oqui.fr\/","logo":{"@type":"ImageObject","inLanguage":"fr-FR","@id":"https:\/\/oqui.fr\/#\/schema\/logo\/image\/","url":"https:\/\/oqui.fr\/wp-content\/uploads\/2023\/05\/logo-oqui.png","contentUrl":"https:\/\/oqui.fr\/wp-content\/uploads\/2023\/05\/logo-oqui.png","width":1155,"height":482,"caption":"Oqui biscuits bio"},"image":{"@id":"https:\/\/oqui.fr\/#\/schema\/logo\/image\/"}}]}},"jetpack_sharing_enabled":true,"_links":{"self":[{"href":"https:\/\/oqui.fr\/index.php\/wp-json\/wp\/v2\/pages\/138","targetHints":{"allow":["GET"]}}],"collection":[{"href":"https:\/\/oqui.fr\/index.php\/wp-json\/wp\/v2\/pages"}],"about":[{"href":"https:\/\/oqui.fr\/index.php\/wp-json\/wp\/v2\/types\/page"}],"author":[{"embeddable":true,"href":"https:\/\/oqui.fr\/index.php\/wp-json\/wp\/v2\/users\/1"}],"replies":[{"embeddable":true,"href":"https:\/\/oqui.fr\/index.php\/wp-json\/wp\/v2\/comments?post=138"}],"version-history":[{"count":7,"href":"https:\/\/oqui.fr\/index.php\/wp-json\/wp\/v2\/pages\/138\/revisions"}],"predecessor-version":[{"id":1681,"href":"https:\/\/oqui.fr\/index.php\/wp-json\/wp\/v2\/pages\/138\/revisions\/1681"}],"wp:attachment":[{"href":"https:\/\/oqui.fr\/index.php\/wp-json\/wp\/v2\/media?parent=138"}],"curies":[{"name":"wp","href":"https:\/\/api.w.org\/{rel}","templated":true}]}}