{"id":1070,"date":"2023-08-07T13:41:21","date_gmt":"2023-08-07T11:41:21","guid":{"rendered":"https:\/\/oqui.fr\/?post_type=product&#038;p=1070"},"modified":"2026-02-18T17:13:55","modified_gmt":"2026-02-18T16:13:55","slug":"biscuits-aperitifs-bio-moutarde-a-lancienne","status":"publish","type":"product","link":"https:\/\/oqui.fr\/index.php\/produit\/biscuits-aperitifs-bio-moutarde-a-lancienne\/","title":{"rendered":"Biscuits ap\u00e9ritifs bio &#8211; Moutarde \u00e0 l&rsquo;ancienne"},"content":{"rendered":"<p style=\"text-align: center; color: #c6d843; font-family: dk pardesi; font-size: 150%;\">NOTE YUKA : 43\/100<\/p>\n<p><strong>Composition<\/strong><\/p>\n<p>Farine <strong>BL\u00c9<\/strong> T65 *, <strong>MOUTARDE<\/strong> ancienne (eau, graine de MOUTARDE, vinaigre d&rsquo;alcool, sel)* (13,5%), huile de tournesol ol\u00e9ique*, <strong>MOUTARDE<\/strong> fine (eau, graines de MOUTARDE, vinaigre d&rsquo;alcool, sel)* (8,5%), vinaigre d&rsquo;alcool*, sucre de canne*, <strong>\u0152UF<\/strong> en poudre*, sel de Camargue, poudre \u00e0 lever : bicarbonate de sodium, poivre noir*, curcuma*.<\/p>\n<p>(*) = produits issus de l\u2019agriculture biologique certifi\u00e9s par FR-BIO-15. Agriculture UE et NON UE.<\/p>\n<p><strong>Allerg\u00e8nes<\/strong><\/p>\n<p>Contient : gluten, moutarde, \u0153uf<\/p>\n<p>Traces \u00e9ventuelles : lait, s\u00e9same,<\/p>\n<p><strong>Valeurs nutritionnelles<\/strong><\/p>\n<p>Energie : 1704 Kj \/ 406 Kcal<\/p>\n<p>Mati\u00e8res grasses : 16g<\/p>\n<p>dont acides gras satur\u00e9s\u00a0: 1,4g<\/p>\n<p>Glucides\u00a0: 54g<\/p>\n<p>dont sucres : 4.1g<\/p>\n<p>Prot\u00e9ines : 10g<\/p>\n<p>Sel\u00a0: 3,1g<\/p>\n","protected":false},"excerpt":{"rendered":"<p><span style=\"color: #ffb549; font-family: dk pardesi; font-size: 150%;\"> Des graines de moutarde pour chatouiller votre palais, ce biscuit est id\u00e9al pour l\u2019ap\u00e9ritif.<\/span><\/p>\n<ul>\n<li>Biscuit ap\u00e9ritif bio artisanal<\/li>\n<li>Fabrication fran\u00e7aise par notre biscuiterie familiale<\/li>\n<li>Produit naturel sans huile de palme, sans conservateur, sans colorant, sans ar\u00f4me, sans ingr\u00e9dient ultra-transform\u00e9.<\/li>\n<li>Mati\u00e8res premi\u00e8res fran\u00e7aises en majorit\u00e9 (70%).<\/li>\n<li>Fabrication responsable : notation Planet-Score A<\/li>\n<li>Biscuit ap\u00e9ritif v\u00e9gan (*) = produits issus de l\u2019agriculture biologique certifi\u00e9s par FR-BIO-15. Agriculture UE et NON UE.<\/li>\n<\/ul>\n","protected":false},"featured_media":1810,"comment_status":"closed","ping_status":"closed","template":"","meta":{"_et_pb_use_builder":"","_et_pb_old_content":"","_et_gb_content_width":""},"product_brand":[],"product_cat":[18],"product_tag":[27,26,25,31,54],"class_list":{"0":"post-1070","1":"product","2":"type-product","3":"status-publish","4":"has-post-thumbnail","6":"product_cat-biscuits-aperitifs-bio","7":"product_tag-biscuit-aperitif","8":"product_tag-biscuit-apero","9":"product_tag-biscuit-bio","10":"product_tag-biscuit-moutarde","11":"product_tag-biscuit-sale","13":"first","14":"instock","15":"taxable","16":"shipping-taxable","17":"purchasable","18":"product-type-variable"},"yoast_head":"<!-- This site is optimized with the Yoast SEO plugin v27.4 - https:\/\/yoast.com\/product\/yoast-seo-wordpress\/ -->\n<title>Biscuits ap\u00e9ritifs bio - Moutarde \u00e0 l&#039;ancienne - Oqui biscuits bio<\/title>\n<meta name=\"description\" content=\"Des graines de moutarde qui viennent chatouiller votre palais, ce biscuit est id\u00e9al pour vos ap\u00e9ritifs et ce quelle que soit la saison.\" \/>\n<meta name=\"robots\" content=\"index, follow, max-snippet:-1, max-image-preview:large, max-video-preview:-1\" \/>\n<link rel=\"canonical\" href=\"https:\/\/oqui.fr\/index.php\/produit\/biscuits-aperitifs-bio-moutarde-a-lancienne\/\" \/>\n<meta property=\"og:locale\" content=\"fr_FR\" \/>\n<meta property=\"og:type\" content=\"article\" \/>\n<meta property=\"og:title\" content=\"Biscuits ap\u00e9ritifs bio - Moutarde \u00e0 l&#039;ancienne - Oqui biscuits bio\" \/>\n<meta property=\"og:description\" content=\"Des graines de moutarde qui viennent chatouiller votre palais, ce biscuit est id\u00e9al pour vos ap\u00e9ritifs et ce quelle que soit la saison.\" \/>\n<meta property=\"og:url\" content=\"https:\/\/oqui.fr\/index.php\/produit\/biscuits-aperitifs-bio-moutarde-a-lancienne\/\" \/>\n<meta property=\"og:site_name\" content=\"Oqui biscuits bio\" \/>\n<meta property=\"article:modified_time\" content=\"2026-02-18T16:13:55+00:00\" \/>\n<meta property=\"og:image\" content=\"https:\/\/oqui.fr\/wp-content\/uploads\/2025\/09\/Moutarde-scaled.jpg\" \/>\n\t<meta property=\"og:image:width\" content=\"1707\" \/>\n\t<meta property=\"og:image:height\" content=\"2560\" \/>\n\t<meta property=\"og:image:type\" content=\"image\/jpeg\" \/>\n<meta name=\"twitter:card\" content=\"summary_large_image\" \/>\n<meta name=\"twitter:label1\" content=\"Dur\u00e9e de lecture estim\u00e9e\" \/>\n\t<meta name=\"twitter:data1\" content=\"1 minute\" \/>\n<script type=\"application\/ld+json\" class=\"yoast-schema-graph\">{\"@context\":\"https:\\\/\\\/schema.org\",\"@graph\":[{\"@type\":\"WebPage\",\"@id\":\"https:\\\/\\\/oqui.fr\\\/index.php\\\/produit\\\/biscuits-aperitifs-bio-moutarde-a-lancienne\\\/\",\"url\":\"https:\\\/\\\/oqui.fr\\\/index.php\\\/produit\\\/biscuits-aperitifs-bio-moutarde-a-lancienne\\\/\",\"name\":\"Biscuits ap\u00e9ritifs bio - Moutarde \u00e0 l'ancienne - Oqui biscuits bio\",\"isPartOf\":{\"@id\":\"https:\\\/\\\/oqui.fr\\\/#website\"},\"primaryImageOfPage\":{\"@id\":\"https:\\\/\\\/oqui.fr\\\/index.php\\\/produit\\\/biscuits-aperitifs-bio-moutarde-a-lancienne\\\/#primaryimage\"},\"image\":{\"@id\":\"https:\\\/\\\/oqui.fr\\\/index.php\\\/produit\\\/biscuits-aperitifs-bio-moutarde-a-lancienne\\\/#primaryimage\"},\"thumbnailUrl\":\"https:\\\/\\\/oqui.fr\\\/wp-content\\\/uploads\\\/2025\\\/09\\\/Moutarde-scaled.jpg\",\"datePublished\":\"2023-08-07T11:41:21+00:00\",\"dateModified\":\"2026-02-18T16:13:55+00:00\",\"description\":\"Des graines de moutarde qui viennent chatouiller votre palais, ce biscuit est id\u00e9al pour vos ap\u00e9ritifs et ce quelle que soit la saison.\",\"breadcrumb\":{\"@id\":\"https:\\\/\\\/oqui.fr\\\/index.php\\\/produit\\\/biscuits-aperitifs-bio-moutarde-a-lancienne\\\/#breadcrumb\"},\"inLanguage\":\"fr-FR\",\"potentialAction\":[{\"@type\":\"ReadAction\",\"target\":[\"https:\\\/\\\/oqui.fr\\\/index.php\\\/produit\\\/biscuits-aperitifs-bio-moutarde-a-lancienne\\\/\"]}]},{\"@type\":\"ImageObject\",\"inLanguage\":\"fr-FR\",\"@id\":\"https:\\\/\\\/oqui.fr\\\/index.php\\\/produit\\\/biscuits-aperitifs-bio-moutarde-a-lancienne\\\/#primaryimage\",\"url\":\"https:\\\/\\\/oqui.fr\\\/wp-content\\\/uploads\\\/2025\\\/09\\\/Moutarde-scaled.jpg\",\"contentUrl\":\"https:\\\/\\\/oqui.fr\\\/wp-content\\\/uploads\\\/2025\\\/09\\\/Moutarde-scaled.jpg\",\"width\":1707,\"height\":2560},{\"@type\":\"BreadcrumbList\",\"@id\":\"https:\\\/\\\/oqui.fr\\\/index.php\\\/produit\\\/biscuits-aperitifs-bio-moutarde-a-lancienne\\\/#breadcrumb\",\"itemListElement\":[{\"@type\":\"ListItem\",\"position\":1,\"name\":\"Accueil\",\"item\":\"https:\\\/\\\/oqui.fr\\\/\"},{\"@type\":\"ListItem\",\"position\":2,\"name\":\"Boutique\",\"item\":\"https:\\\/\\\/oqui.fr\\\/index.php\\\/boutique\\\/\"},{\"@type\":\"ListItem\",\"position\":3,\"name\":\"Biscuits ap\u00e9ritifs bio &#8211; Moutarde \u00e0 l&rsquo;ancienne\"}]},{\"@type\":\"WebSite\",\"@id\":\"https:\\\/\\\/oqui.fr\\\/#website\",\"url\":\"https:\\\/\\\/oqui.fr\\\/\",\"name\":\"Oqui biscuits bio\",\"description\":\"Le biscuit bio artisanal fabriqu\u00e9 \u00e0 c\u00f4t\u00e9 de Lyon\",\"publisher\":{\"@id\":\"https:\\\/\\\/oqui.fr\\\/#organization\"},\"potentialAction\":[{\"@type\":\"SearchAction\",\"target\":{\"@type\":\"EntryPoint\",\"urlTemplate\":\"https:\\\/\\\/oqui.fr\\\/?s={search_term_string}\"},\"query-input\":{\"@type\":\"PropertyValueSpecification\",\"valueRequired\":true,\"valueName\":\"search_term_string\"}}],\"inLanguage\":\"fr-FR\"},{\"@type\":\"Organization\",\"@id\":\"https:\\\/\\\/oqui.fr\\\/#organization\",\"name\":\"Oqui biscuits bio\",\"url\":\"https:\\\/\\\/oqui.fr\\\/\",\"logo\":{\"@type\":\"ImageObject\",\"inLanguage\":\"fr-FR\",\"@id\":\"https:\\\/\\\/oqui.fr\\\/#\\\/schema\\\/logo\\\/image\\\/\",\"url\":\"https:\\\/\\\/oqui.fr\\\/wp-content\\\/uploads\\\/2023\\\/05\\\/logo-oqui.png\",\"contentUrl\":\"https:\\\/\\\/oqui.fr\\\/wp-content\\\/uploads\\\/2023\\\/05\\\/logo-oqui.png\",\"width\":1155,\"height\":482,\"caption\":\"Oqui biscuits bio\"},\"image\":{\"@id\":\"https:\\\/\\\/oqui.fr\\\/#\\\/schema\\\/logo\\\/image\\\/\"}}]}<\/script>\n<!-- \/ Yoast SEO plugin. -->","yoast_head_json":{"title":"Biscuits ap\u00e9ritifs bio - Moutarde \u00e0 l'ancienne - Oqui biscuits bio","description":"Des graines de moutarde qui viennent chatouiller votre palais, ce biscuit est id\u00e9al pour vos ap\u00e9ritifs et ce quelle que soit la saison.","robots":{"index":"index","follow":"follow","max-snippet":"max-snippet:-1","max-image-preview":"max-image-preview:large","max-video-preview":"max-video-preview:-1"},"canonical":"https:\/\/oqui.fr\/index.php\/produit\/biscuits-aperitifs-bio-moutarde-a-lancienne\/","og_locale":"fr_FR","og_type":"article","og_title":"Biscuits ap\u00e9ritifs bio - Moutarde \u00e0 l'ancienne - Oqui biscuits bio","og_description":"Des graines de moutarde qui viennent chatouiller votre palais, ce biscuit est id\u00e9al pour vos ap\u00e9ritifs et ce quelle que soit la saison.","og_url":"https:\/\/oqui.fr\/index.php\/produit\/biscuits-aperitifs-bio-moutarde-a-lancienne\/","og_site_name":"Oqui biscuits bio","article_modified_time":"2026-02-18T16:13:55+00:00","og_image":[{"width":1707,"height":2560,"url":"https:\/\/oqui.fr\/wp-content\/uploads\/2025\/09\/Moutarde-scaled.jpg","type":"image\/jpeg"}],"twitter_card":"summary_large_image","twitter_misc":{"Dur\u00e9e de lecture estim\u00e9e":"1 minute"},"schema":{"@context":"https:\/\/schema.org","@graph":[{"@type":"WebPage","@id":"https:\/\/oqui.fr\/index.php\/produit\/biscuits-aperitifs-bio-moutarde-a-lancienne\/","url":"https:\/\/oqui.fr\/index.php\/produit\/biscuits-aperitifs-bio-moutarde-a-lancienne\/","name":"Biscuits ap\u00e9ritifs bio - Moutarde \u00e0 l'ancienne - Oqui biscuits bio","isPartOf":{"@id":"https:\/\/oqui.fr\/#website"},"primaryImageOfPage":{"@id":"https:\/\/oqui.fr\/index.php\/produit\/biscuits-aperitifs-bio-moutarde-a-lancienne\/#primaryimage"},"image":{"@id":"https:\/\/oqui.fr\/index.php\/produit\/biscuits-aperitifs-bio-moutarde-a-lancienne\/#primaryimage"},"thumbnailUrl":"https:\/\/oqui.fr\/wp-content\/uploads\/2025\/09\/Moutarde-scaled.jpg","datePublished":"2023-08-07T11:41:21+00:00","dateModified":"2026-02-18T16:13:55+00:00","description":"Des graines de moutarde qui viennent chatouiller votre palais, ce biscuit est id\u00e9al pour vos ap\u00e9ritifs et ce quelle que soit la saison.","breadcrumb":{"@id":"https:\/\/oqui.fr\/index.php\/produit\/biscuits-aperitifs-bio-moutarde-a-lancienne\/#breadcrumb"},"inLanguage":"fr-FR","potentialAction":[{"@type":"ReadAction","target":["https:\/\/oqui.fr\/index.php\/produit\/biscuits-aperitifs-bio-moutarde-a-lancienne\/"]}]},{"@type":"ImageObject","inLanguage":"fr-FR","@id":"https:\/\/oqui.fr\/index.php\/produit\/biscuits-aperitifs-bio-moutarde-a-lancienne\/#primaryimage","url":"https:\/\/oqui.fr\/wp-content\/uploads\/2025\/09\/Moutarde-scaled.jpg","contentUrl":"https:\/\/oqui.fr\/wp-content\/uploads\/2025\/09\/Moutarde-scaled.jpg","width":1707,"height":2560},{"@type":"BreadcrumbList","@id":"https:\/\/oqui.fr\/index.php\/produit\/biscuits-aperitifs-bio-moutarde-a-lancienne\/#breadcrumb","itemListElement":[{"@type":"ListItem","position":1,"name":"Accueil","item":"https:\/\/oqui.fr\/"},{"@type":"ListItem","position":2,"name":"Boutique","item":"https:\/\/oqui.fr\/index.php\/boutique\/"},{"@type":"ListItem","position":3,"name":"Biscuits ap\u00e9ritifs bio &#8211; Moutarde \u00e0 l&rsquo;ancienne"}]},{"@type":"WebSite","@id":"https:\/\/oqui.fr\/#website","url":"https:\/\/oqui.fr\/","name":"Oqui biscuits bio","description":"Le biscuit bio artisanal fabriqu\u00e9 \u00e0 c\u00f4t\u00e9 de Lyon","publisher":{"@id":"https:\/\/oqui.fr\/#organization"},"potentialAction":[{"@type":"SearchAction","target":{"@type":"EntryPoint","urlTemplate":"https:\/\/oqui.fr\/?s={search_term_string}"},"query-input":{"@type":"PropertyValueSpecification","valueRequired":true,"valueName":"search_term_string"}}],"inLanguage":"fr-FR"},{"@type":"Organization","@id":"https:\/\/oqui.fr\/#organization","name":"Oqui biscuits bio","url":"https:\/\/oqui.fr\/","logo":{"@type":"ImageObject","inLanguage":"fr-FR","@id":"https:\/\/oqui.fr\/#\/schema\/logo\/image\/","url":"https:\/\/oqui.fr\/wp-content\/uploads\/2023\/05\/logo-oqui.png","contentUrl":"https:\/\/oqui.fr\/wp-content\/uploads\/2023\/05\/logo-oqui.png","width":1155,"height":482,"caption":"Oqui biscuits bio"},"image":{"@id":"https:\/\/oqui.fr\/#\/schema\/logo\/image\/"}}]}},"jetpack_sharing_enabled":true,"_links":{"self":[{"href":"https:\/\/oqui.fr\/index.php\/wp-json\/wp\/v2\/product\/1070","targetHints":{"allow":["GET"]}}],"collection":[{"href":"https:\/\/oqui.fr\/index.php\/wp-json\/wp\/v2\/product"}],"about":[{"href":"https:\/\/oqui.fr\/index.php\/wp-json\/wp\/v2\/types\/product"}],"replies":[{"embeddable":true,"href":"https:\/\/oqui.fr\/index.php\/wp-json\/wp\/v2\/comments?post=1070"}],"wp:featuredmedia":[{"embeddable":true,"href":"https:\/\/oqui.fr\/index.php\/wp-json\/wp\/v2\/media\/1810"}],"wp:attachment":[{"href":"https:\/\/oqui.fr\/index.php\/wp-json\/wp\/v2\/media?parent=1070"}],"wp:term":[{"taxonomy":"product_brand","embeddable":true,"href":"https:\/\/oqui.fr\/index.php\/wp-json\/wp\/v2\/product_brand?post=1070"},{"taxonomy":"product_cat","embeddable":true,"href":"https:\/\/oqui.fr\/index.php\/wp-json\/wp\/v2\/product_cat?post=1070"},{"taxonomy":"product_tag","embeddable":true,"href":"https:\/\/oqui.fr\/index.php\/wp-json\/wp\/v2\/product_tag?post=1070"}],"curies":[{"name":"wp","href":"https:\/\/api.w.org\/{rel}","templated":true}]}}