{"id":1073,"date":"2023-08-07T14:27:56","date_gmt":"2023-08-07T12:27:56","guid":{"rendered":"https:\/\/oqui.fr\/?post_type=product&#038;p=1073"},"modified":"2026-02-18T17:02:06","modified_gmt":"2026-02-18T16:02:06","slug":"biscuits-sucres-bio-cranberries-raisins","status":"publish","type":"product","link":"https:\/\/oqui.fr\/index.php\/produit\/biscuits-sucres-bio-cranberries-raisins\/","title":{"rendered":"Biscuits sucr\u00e9s bio &#8211; Cranberries Raisins"},"content":{"rendered":"<p>&nbsp;<\/p>\n<p><strong>Composition<\/strong><\/p>\n<p>Farine BL\u00c9 T65 *, sucre de canne*, cranberries (cranberries, sucre de canne, huile de tournesol)* (10%), <strong>BEURRE<\/strong>*, raisins secs Corinthe (raisins de Corinthe, huile de tournesol)* (5%), jus de citron *, <strong>\u0152UF<\/strong> en poudre*, huile de tournesol ol\u00e9ique*, sel de Camargue, poudre \u00e0 lever : bicarbonate de sodium.<\/p>\n<p>(*) = produits issus de l\u2019agriculture biologique certifi\u00e9s par FR-BIO-15. Agriculture UE et NON UE.<\/p>\n<p>&nbsp;<\/p>\n<p><strong>Allerg\u00e8nes<\/strong><\/p>\n<p>Contient : gluten, lait, \u0153uf<\/p>\n<p>Traces \u00e9ventuelles : moutarde, s\u00e9same<\/p>\n<p>&nbsp;<\/p>\n<p><strong>Valeurs nutritionnelles<\/strong><\/p>\n<p>Energie : 1806 Kj \/ 429 Kcal<\/p>\n<p>Mati\u00e8res grasses : 12g<\/p>\n<p>dont acides gras satur\u00e9s : 6g<\/p>\n<p>Glucides\u00a0: 72g<\/p>\n<p>dont sucres : 30g<\/p>\n<p>Prot\u00e9ines : 7.1g<\/p>\n<p>Sel : 0,8g<\/p>\n","protected":false},"excerpt":{"rendered":"<p><span style=\"color: #d50032; font-family: dk pardesi; font-size: 150%;\">Les petits cookies gourmands enrichis de super fruits secs qui vous apporteront de bonnes \u00e9nergies <\/span><\/p>\n<p>&nbsp;<\/p>\n<ul>\n<li>Biscuit bio artisanal<\/li>\n<li>Fabrication fran\u00e7aise par notre biscuiterie familiale<\/li>\n<li>Produit naturel sans huile de palme, sans conservateur, sans colorant, sans ar\u00f4me, sans ingr\u00e9dient ultra-transform\u00e9.<\/li>\n<li>Mati\u00e8res premi\u00e8res fran\u00e7aises en majorit\u00e9 (63,4%).<\/li>\n<li>Fabrication responsable : notation Planet-Score A.<\/li>\n<li>Biscuit sucr\u00e9 bio (*) = produits issus de l\u2019agriculture biologique certifi\u00e9s par FR-BIO-15. Agriculture UE et NON UE.<\/li>\n<\/ul>\n","protected":false},"featured_media":1836,"comment_status":"closed","ping_status":"closed","template":"","meta":{"_et_pb_use_builder":"","_et_pb_old_content":"","_et_gb_content_width":""},"product_brand":[],"product_cat":[19],"product_tag":[25,42,57,56],"class_list":{"0":"post-1073","1":"product","2":"type-product","3":"status-publish","4":"has-post-thumbnail","6":"product_cat-biscuits-sucres-bio","7":"product_tag-biscuit-bio","8":"product_tag-biscuit-cranberries","9":"product_tag-biscuit-raisin","10":"product_tag-buscuit-sucre","12":"first","13":"instock","14":"taxable","15":"shipping-taxable","16":"purchasable","17":"product-type-variable"},"yoast_head":"<!-- This site is optimized with the Yoast SEO plugin v27.4 - https:\/\/yoast.com\/product\/yoast-seo-wordpress\/ -->\n<title>Biscuits sucr\u00e9s bio - Cranberries Raisins - Oqui biscuits bio<\/title>\n<meta name=\"description\" content=\"Les petits cookies gourmands enrichis de super fruits secs (cranberries et raisins) qui vous apporteront de bonnes \u00e9nergies pour vos journ\u00e9es bien remplies.\" \/>\n<meta name=\"robots\" content=\"index, follow, max-snippet:-1, max-image-preview:large, max-video-preview:-1\" \/>\n<link rel=\"canonical\" href=\"https:\/\/oqui.fr\/index.php\/produit\/biscuits-sucres-bio-cranberries-raisins\/\" \/>\n<meta property=\"og:locale\" content=\"fr_FR\" \/>\n<meta property=\"og:type\" content=\"article\" \/>\n<meta property=\"og:title\" content=\"Biscuits sucr\u00e9s bio - Cranberries Raisins - Oqui biscuits bio\" \/>\n<meta property=\"og:description\" content=\"Les petits cookies gourmands enrichis de super fruits secs (cranberries et raisins) qui vous apporteront de bonnes \u00e9nergies pour vos journ\u00e9es bien remplies.\" \/>\n<meta property=\"og:url\" content=\"https:\/\/oqui.fr\/index.php\/produit\/biscuits-sucres-bio-cranberries-raisins\/\" \/>\n<meta property=\"og:site_name\" content=\"Oqui biscuits bio\" \/>\n<meta property=\"article:modified_time\" content=\"2026-02-18T16:02:06+00:00\" \/>\n<meta property=\"og:image\" content=\"https:\/\/oqui.fr\/wp-content\/uploads\/2025\/09\/Cranberries-scaled.jpg\" \/>\n\t<meta property=\"og:image:width\" content=\"1707\" \/>\n\t<meta property=\"og:image:height\" content=\"2560\" \/>\n\t<meta property=\"og:image:type\" content=\"image\/jpeg\" \/>\n<meta name=\"twitter:card\" content=\"summary_large_image\" \/>\n<meta name=\"twitter:label1\" content=\"Dur\u00e9e de lecture estim\u00e9e\" \/>\n\t<meta name=\"twitter:data1\" content=\"1 minute\" \/>\n<script type=\"application\/ld+json\" class=\"yoast-schema-graph\">{\"@context\":\"https:\\\/\\\/schema.org\",\"@graph\":[{\"@type\":\"WebPage\",\"@id\":\"https:\\\/\\\/oqui.fr\\\/index.php\\\/produit\\\/biscuits-sucres-bio-cranberries-raisins\\\/\",\"url\":\"https:\\\/\\\/oqui.fr\\\/index.php\\\/produit\\\/biscuits-sucres-bio-cranberries-raisins\\\/\",\"name\":\"Biscuits sucr\u00e9s bio - Cranberries Raisins - Oqui biscuits bio\",\"isPartOf\":{\"@id\":\"https:\\\/\\\/oqui.fr\\\/#website\"},\"primaryImageOfPage\":{\"@id\":\"https:\\\/\\\/oqui.fr\\\/index.php\\\/produit\\\/biscuits-sucres-bio-cranberries-raisins\\\/#primaryimage\"},\"image\":{\"@id\":\"https:\\\/\\\/oqui.fr\\\/index.php\\\/produit\\\/biscuits-sucres-bio-cranberries-raisins\\\/#primaryimage\"},\"thumbnailUrl\":\"https:\\\/\\\/oqui.fr\\\/wp-content\\\/uploads\\\/2025\\\/09\\\/Cranberries-scaled.jpg\",\"datePublished\":\"2023-08-07T12:27:56+00:00\",\"dateModified\":\"2026-02-18T16:02:06+00:00\",\"description\":\"Les petits cookies gourmands enrichis de super fruits secs (cranberries et raisins) qui vous apporteront de bonnes \u00e9nergies pour vos journ\u00e9es bien remplies.\",\"breadcrumb\":{\"@id\":\"https:\\\/\\\/oqui.fr\\\/index.php\\\/produit\\\/biscuits-sucres-bio-cranberries-raisins\\\/#breadcrumb\"},\"inLanguage\":\"fr-FR\",\"potentialAction\":[{\"@type\":\"ReadAction\",\"target\":[\"https:\\\/\\\/oqui.fr\\\/index.php\\\/produit\\\/biscuits-sucres-bio-cranberries-raisins\\\/\"]}]},{\"@type\":\"ImageObject\",\"inLanguage\":\"fr-FR\",\"@id\":\"https:\\\/\\\/oqui.fr\\\/index.php\\\/produit\\\/biscuits-sucres-bio-cranberries-raisins\\\/#primaryimage\",\"url\":\"https:\\\/\\\/oqui.fr\\\/wp-content\\\/uploads\\\/2025\\\/09\\\/Cranberries-scaled.jpg\",\"contentUrl\":\"https:\\\/\\\/oqui.fr\\\/wp-content\\\/uploads\\\/2025\\\/09\\\/Cranberries-scaled.jpg\",\"width\":1707,\"height\":2560},{\"@type\":\"BreadcrumbList\",\"@id\":\"https:\\\/\\\/oqui.fr\\\/index.php\\\/produit\\\/biscuits-sucres-bio-cranberries-raisins\\\/#breadcrumb\",\"itemListElement\":[{\"@type\":\"ListItem\",\"position\":1,\"name\":\"Accueil\",\"item\":\"https:\\\/\\\/oqui.fr\\\/\"},{\"@type\":\"ListItem\",\"position\":2,\"name\":\"Boutique\",\"item\":\"https:\\\/\\\/oqui.fr\\\/index.php\\\/boutique\\\/\"},{\"@type\":\"ListItem\",\"position\":3,\"name\":\"Biscuits sucr\u00e9s bio &#8211; Cranberries Raisins\"}]},{\"@type\":\"WebSite\",\"@id\":\"https:\\\/\\\/oqui.fr\\\/#website\",\"url\":\"https:\\\/\\\/oqui.fr\\\/\",\"name\":\"Oqui biscuits bio\",\"description\":\"Le biscuit bio artisanal fabriqu\u00e9 \u00e0 c\u00f4t\u00e9 de Lyon\",\"publisher\":{\"@id\":\"https:\\\/\\\/oqui.fr\\\/#organization\"},\"potentialAction\":[{\"@type\":\"SearchAction\",\"target\":{\"@type\":\"EntryPoint\",\"urlTemplate\":\"https:\\\/\\\/oqui.fr\\\/?s={search_term_string}\"},\"query-input\":{\"@type\":\"PropertyValueSpecification\",\"valueRequired\":true,\"valueName\":\"search_term_string\"}}],\"inLanguage\":\"fr-FR\"},{\"@type\":\"Organization\",\"@id\":\"https:\\\/\\\/oqui.fr\\\/#organization\",\"name\":\"Oqui biscuits bio\",\"url\":\"https:\\\/\\\/oqui.fr\\\/\",\"logo\":{\"@type\":\"ImageObject\",\"inLanguage\":\"fr-FR\",\"@id\":\"https:\\\/\\\/oqui.fr\\\/#\\\/schema\\\/logo\\\/image\\\/\",\"url\":\"https:\\\/\\\/oqui.fr\\\/wp-content\\\/uploads\\\/2023\\\/05\\\/logo-oqui.png\",\"contentUrl\":\"https:\\\/\\\/oqui.fr\\\/wp-content\\\/uploads\\\/2023\\\/05\\\/logo-oqui.png\",\"width\":1155,\"height\":482,\"caption\":\"Oqui biscuits bio\"},\"image\":{\"@id\":\"https:\\\/\\\/oqui.fr\\\/#\\\/schema\\\/logo\\\/image\\\/\"}}]}<\/script>\n<!-- \/ Yoast SEO plugin. -->","yoast_head_json":{"title":"Biscuits sucr\u00e9s bio - Cranberries Raisins - Oqui biscuits bio","description":"Les petits cookies gourmands enrichis de super fruits secs (cranberries et raisins) qui vous apporteront de bonnes \u00e9nergies pour vos journ\u00e9es bien remplies.","robots":{"index":"index","follow":"follow","max-snippet":"max-snippet:-1","max-image-preview":"max-image-preview:large","max-video-preview":"max-video-preview:-1"},"canonical":"https:\/\/oqui.fr\/index.php\/produit\/biscuits-sucres-bio-cranberries-raisins\/","og_locale":"fr_FR","og_type":"article","og_title":"Biscuits sucr\u00e9s bio - Cranberries Raisins - Oqui biscuits bio","og_description":"Les petits cookies gourmands enrichis de super fruits secs (cranberries et raisins) qui vous apporteront de bonnes \u00e9nergies pour vos journ\u00e9es bien remplies.","og_url":"https:\/\/oqui.fr\/index.php\/produit\/biscuits-sucres-bio-cranberries-raisins\/","og_site_name":"Oqui biscuits bio","article_modified_time":"2026-02-18T16:02:06+00:00","og_image":[{"width":1707,"height":2560,"url":"https:\/\/oqui.fr\/wp-content\/uploads\/2025\/09\/Cranberries-scaled.jpg","type":"image\/jpeg"}],"twitter_card":"summary_large_image","twitter_misc":{"Dur\u00e9e de lecture estim\u00e9e":"1 minute"},"schema":{"@context":"https:\/\/schema.org","@graph":[{"@type":"WebPage","@id":"https:\/\/oqui.fr\/index.php\/produit\/biscuits-sucres-bio-cranberries-raisins\/","url":"https:\/\/oqui.fr\/index.php\/produit\/biscuits-sucres-bio-cranberries-raisins\/","name":"Biscuits sucr\u00e9s bio - Cranberries Raisins - Oqui biscuits bio","isPartOf":{"@id":"https:\/\/oqui.fr\/#website"},"primaryImageOfPage":{"@id":"https:\/\/oqui.fr\/index.php\/produit\/biscuits-sucres-bio-cranberries-raisins\/#primaryimage"},"image":{"@id":"https:\/\/oqui.fr\/index.php\/produit\/biscuits-sucres-bio-cranberries-raisins\/#primaryimage"},"thumbnailUrl":"https:\/\/oqui.fr\/wp-content\/uploads\/2025\/09\/Cranberries-scaled.jpg","datePublished":"2023-08-07T12:27:56+00:00","dateModified":"2026-02-18T16:02:06+00:00","description":"Les petits cookies gourmands enrichis de super fruits secs (cranberries et raisins) qui vous apporteront de bonnes \u00e9nergies pour vos journ\u00e9es bien remplies.","breadcrumb":{"@id":"https:\/\/oqui.fr\/index.php\/produit\/biscuits-sucres-bio-cranberries-raisins\/#breadcrumb"},"inLanguage":"fr-FR","potentialAction":[{"@type":"ReadAction","target":["https:\/\/oqui.fr\/index.php\/produit\/biscuits-sucres-bio-cranberries-raisins\/"]}]},{"@type":"ImageObject","inLanguage":"fr-FR","@id":"https:\/\/oqui.fr\/index.php\/produit\/biscuits-sucres-bio-cranberries-raisins\/#primaryimage","url":"https:\/\/oqui.fr\/wp-content\/uploads\/2025\/09\/Cranberries-scaled.jpg","contentUrl":"https:\/\/oqui.fr\/wp-content\/uploads\/2025\/09\/Cranberries-scaled.jpg","width":1707,"height":2560},{"@type":"BreadcrumbList","@id":"https:\/\/oqui.fr\/index.php\/produit\/biscuits-sucres-bio-cranberries-raisins\/#breadcrumb","itemListElement":[{"@type":"ListItem","position":1,"name":"Accueil","item":"https:\/\/oqui.fr\/"},{"@type":"ListItem","position":2,"name":"Boutique","item":"https:\/\/oqui.fr\/index.php\/boutique\/"},{"@type":"ListItem","position":3,"name":"Biscuits sucr\u00e9s bio &#8211; Cranberries Raisins"}]},{"@type":"WebSite","@id":"https:\/\/oqui.fr\/#website","url":"https:\/\/oqui.fr\/","name":"Oqui biscuits bio","description":"Le biscuit bio artisanal fabriqu\u00e9 \u00e0 c\u00f4t\u00e9 de Lyon","publisher":{"@id":"https:\/\/oqui.fr\/#organization"},"potentialAction":[{"@type":"SearchAction","target":{"@type":"EntryPoint","urlTemplate":"https:\/\/oqui.fr\/?s={search_term_string}"},"query-input":{"@type":"PropertyValueSpecification","valueRequired":true,"valueName":"search_term_string"}}],"inLanguage":"fr-FR"},{"@type":"Organization","@id":"https:\/\/oqui.fr\/#organization","name":"Oqui biscuits bio","url":"https:\/\/oqui.fr\/","logo":{"@type":"ImageObject","inLanguage":"fr-FR","@id":"https:\/\/oqui.fr\/#\/schema\/logo\/image\/","url":"https:\/\/oqui.fr\/wp-content\/uploads\/2023\/05\/logo-oqui.png","contentUrl":"https:\/\/oqui.fr\/wp-content\/uploads\/2023\/05\/logo-oqui.png","width":1155,"height":482,"caption":"Oqui biscuits bio"},"image":{"@id":"https:\/\/oqui.fr\/#\/schema\/logo\/image\/"}}]}},"jetpack_sharing_enabled":true,"_links":{"self":[{"href":"https:\/\/oqui.fr\/index.php\/wp-json\/wp\/v2\/product\/1073","targetHints":{"allow":["GET"]}}],"collection":[{"href":"https:\/\/oqui.fr\/index.php\/wp-json\/wp\/v2\/product"}],"about":[{"href":"https:\/\/oqui.fr\/index.php\/wp-json\/wp\/v2\/types\/product"}],"replies":[{"embeddable":true,"href":"https:\/\/oqui.fr\/index.php\/wp-json\/wp\/v2\/comments?post=1073"}],"wp:featuredmedia":[{"embeddable":true,"href":"https:\/\/oqui.fr\/index.php\/wp-json\/wp\/v2\/media\/1836"}],"wp:attachment":[{"href":"https:\/\/oqui.fr\/index.php\/wp-json\/wp\/v2\/media?parent=1073"}],"wp:term":[{"taxonomy":"product_brand","embeddable":true,"href":"https:\/\/oqui.fr\/index.php\/wp-json\/wp\/v2\/product_brand?post=1073"},{"taxonomy":"product_cat","embeddable":true,"href":"https:\/\/oqui.fr\/index.php\/wp-json\/wp\/v2\/product_cat?post=1073"},{"taxonomy":"product_tag","embeddable":true,"href":"https:\/\/oqui.fr\/index.php\/wp-json\/wp\/v2\/product_tag?post=1073"}],"curies":[{"name":"wp","href":"https:\/\/api.w.org\/{rel}","templated":true}]}}